{"id":33,"date":"2018-12-24T13:11:20","date_gmt":"2018-12-24T13:11:20","guid":{"rendered":"https:\/\/cafe-cortado.tem.li\/?page_id=33"},"modified":"2024-02-06T11:53:54","modified_gmt":"2024-02-06T11:53:54","slug":"contact","status":"publish","type":"page","link":"https:\/\/cafe-cortado.tem.li\/index.php\/contact\/","title":{"rendered":"Contact+Impressum"},"content":{"rendered":"<div id=\"primary\" class=\"content-area\">\n<article id=\"post-9\" class=\"post-9 page type-page status-publish has-post-thumbnail hentry\">\n<header class=\"entry-header\">\n<h4>cafe-cortado(at)systemli.org<\/h4>\n<h1 class=\"entry-title\"><\/h1>\n<p><span class=\"edit-link\"><a class=\"post-edit-link\" href=\"https:\/\/cafe-cortadora.de\/wp-admin\/post.php?post=9&amp;action=edit\"><span class=\"screen-reader-text\">\u201eKontakt\/Impressum<\/span><\/a><\/span><\/p>\n<\/header>\n<\/article>\n<\/div>\n<div id=\"primary\" class=\"content-area\">\n<article id=\"post-9\" class=\"post-9 page type-page status-publish has-post-thumbnail hentry\"><img loading=\"lazy\" decoding=\"async\" class=\"alignnone size-medium wp-image-320\" src=\"https:\/\/cafe-cortado.tem.li\/wp-content\/uploads\/2019\/01\/TasseSCAA-300x200.jpg\" alt=\"\" width=\"300\" height=\"200\" srcset=\"https:\/\/cafe-cortado.tem.li\/wp-content\/uploads\/2019\/01\/TasseSCAA-300x200.jpg 300w, https:\/\/cafe-cortado.tem.li\/wp-content\/uploads\/2019\/01\/TasseSCAA-768x512.jpg 768w, https:\/\/cafe-cortado.tem.li\/wp-content\/uploads\/2019\/01\/TasseSCAA-1024x683.jpg 1024w, https:\/\/cafe-cortado.tem.li\/wp-content\/uploads\/2019\/01\/TasseSCAA-1200x800.jpg 1200w\" sizes=\"auto, (max-width: 300px) 100vw, 300px\" \/><\/p>\n<div class=\"entry-content\">\n<p>Contact + Spendenkonto :<\/p>\n<\/div>\n<p>Fl\u00fcchtlingshilfe Mittelamerika e.V.<br \/>\nBank f\u00fcr Sozialwirtschaft Essen<br \/>\nIBAN: DE59 3702 0500 0008 2043 00<br \/>\nBIC: BFSW DE33 XXX<\/p>\n<p><span style=\"font-size: small;\">Fl\u00fcchtlingshilfe Mittelamerika e. V.<br \/>\nReeser Stra\u00dfe 27<br \/>\n47574 Goch<br \/>\n<a href=\"http:\/\/www.fluehi-ma.org\" target=\"_blank\" rel=\"noopener noreferrer\" data-auth=\"NotApplicable\">www.fluehi-ma.org<\/a><\/span><\/p>\n<div class=\"entry-content\">\n<h2>Haftungsauschluss:<\/h2>\n<p>Haftung f\u00fcr Inhalte\u2028\u2028Die Inhalte unserer Seiten wurden mit gr\u00f6\u00dfter Sorgfalt erstellt. F\u00fcr die Richtigkeit, Vollst\u00e4ndigkeit und Aktualit\u00e4t der Inhlate k\u00f6nnen wir jedoch keine Gew\u00e4hr \u00fcbernehmen. Als Diensteanbieter sind wir gem\u00e4\u00df\u2028\u00a7 7 Abs. 1 TMG f\u00fcr eigene Inhalte auf diesen Seiten nach den allgemeinen Gesetzen verantwortlich. Nach \u00a7 \u00a7 8 bis 10 TMG sind wir als Diensteanbieter jedoch nicht verpflichtet, \u00fcbermittelte oder gespeicherte fremde Informationen zu \u00fcberwachen oder nach Umst\u00e4nden zu forschen, die auf eine rechtswidrige T\u00e4tigkeit hinweisen. Verpflichtungen zur Entfernung oder Sperrung der Nutzung von Informationen nach den allgemeinen Gesetzen bleiben hiervon unber\u00fchrt. Eine diesbez\u00fcgliche Haftung ist jedoch erst ab dem Zeitpunkt der Kenntnis einer konkreten Rechtsverletzung m\u00f6glich. Bei Bekanntwerden von entsprechenden Rechtsverletzungen werden diese Inhalte umgehend entfernt.\u2028\u2028Haftung f\u00fcr Links\u2028\u2028Unser Angebot enth\u00e4lt Links zu externen Webseiten Dritter, auf deren Inhalte wir keinen Einfluss haben. Deshalb k\u00f6nnen wir f\u00fcr diese fremden Inhalte auch keine Gew\u00e4hr \u00fcbernehmen. F\u00fcr die Inhalte der verlinkten Seiten ist stets der jeweilige anbieter oder Betreiber der Seiten verantwortlich. Die verllinkten Seiten wurden zum Zeitpunkt der Verlinkung auf m\u00f6gliche Rechtsverst\u00f6\u00dfe \u00fcberpr\u00fcft. Rechtswiedrige Inhalte waren zum Zeitpunkt der Verlinkung nicht erkennbar. Eine permanente inhaltliche Kontrolle der verlinkten Seiten ist jedoch ohne konkrete Rechtsverletzung nicht zumutbar. Bei Bekanntwerden von Rechtsverletzungen werden wir derartige links umgehend entfernen.\u2028\u2028Urheberrecht\u2028\u2028Die durch die Seitenbetreiber erstellten Inhalte und Werke auf diesen Seiten unterliegen dem deutschen Urheberrecht. Die Vervielf\u00e4ltigung, Bearbeitung, Verbreitung und jede Art der Verwertung au\u00dferhalb der Grenzen des Urheberrechtes bed\u00fcrfen der schriftlichen Zustimmung des jeweiligen Autors bzw. Erstellers. Downloads und Kopien dieser Seite sind nur f\u00fcr den privaten, nicht kommerziellen Gebrauch gestattet. Soweit die Inhalte auf dieser Seite nicht vom Betreibererstellt wurden, werden die Urheberrechte Dritter beachtet. Insbesondere werden Inhalte Dritter als solche gekennzeichnet. Sollten Sie trotzdem auf eine Urheberrechtsverletzung aufmerksam werden, bitten wir um einen entsprechenden Hinweis. Bei Bekanntwerden von Rechtsverletzungen werden wir derartige Inhalte umgehend entfernen.\u2028\u2028Datenschutz\u2028\u2028Die Nutzung unserer Webseite ist in der Regel ohne Angaben personenbezogener Daten m\u00f6glich. Soweit auf unseren Seiten personenbezogene Daten (beispielsweise Name, Anschrift oder eMail-Adressen) erhoben werden, erfolgt dies, soweit m\u00f6glich, stets auf freiwilliger Basis. Diese Daten werden ohne Ihre ausdr\u00fcckliche Zustimmung nicht an Dritte weitergegeben.\u2028Wir weisen darauf hin, dass die Daten\u00fcbertragung im Internet (z.B. bei der Kommunikation per E-Mail) Sicherheitsl\u00fccken aufweisen kann. Ein l\u00fcckenloser Schutz der Daten vor dem Zugriff durch Dritte ist nicht m\u00f6glich.\u2028Der Nutzung von im Rahmen der Impressumspflicht ver\u00f6ffentlichten Kontaktdaten durch Dritte zur \u00dcbersendung von nicht ausdr\u00fccklich angeforderter Werbung und Informationsmaterialien wird hiermit ausdr\u00fccklich widersprochen. Die Betreiber der Seiten behalten sich rechtliche Schritte im Falle der unverlangten Zusendung von Werbeinformationen, etwa durch Spam-Mails, vor.\u2028\u2028Quellverweis: eRecht24 Disclaimer<\/p>\n<p><span class=\"Tx_gg_sb\"><strong><span class=\"auto-style1\"><span class=\"auto-style5\"> Datenschutzerkl\u00e4rung <\/span><\/span> <span class=\"Tx_mi_sb\"><br class=\"auto-style1\" \/><br class=\"auto-style1\" \/><\/span><\/strong><\/span> <span class=\"Tx_mi_sb\"> Wir freuen uns \u00fcber Ihren Besuch auf unserer Homepage. Cafe Cortadora nimmt den Schutz Ihrer pers\u00f6nlichen Daten sehr erst. Wir behandeln Ihre personenbezogenen Daten vertraulich und entsprechend der gesetzlichen Datenschutzvorschriften sowie dieser Datenschutzerkl\u00e4rung. Die Nutzung unserer Webseite ist ohne Angabe personenbezogener Daten m\u00f6glich. Nachfolgend werden Sie dar\u00fcber informiert, welche Art von Daten erfasst und zu welchem Zweck sie erhoben werden:<\/span><\/p>\n<p><strong><span class=\"auto-style3\"><span class=\"auto-style4\">1. Daten\u00fcbermittlung \/Datenprotokollierung<\/span><\/span><span class=\"Tx_mi_sb\"><br class=\"auto-style1\" \/><\/span><\/strong> <span class=\"Tx_mi_sb\"> Beim Besuch dieser Seite verzeichnet der Web-Server automatisch Log-Files, die keiner bestimmten Person zugeordnet werden k\u00f6nnen. Diese Daten beinhalten z. B. den Browsertyp und -version, verwendetes Betriebssystem, Referrer URL (die zuvor besuchte Seite), IP-Adresse des anfragenden Rechners (diese wird vom System in eine neue Adresse transformiert und in die Log-File geschrieben), Zugriffsdatum und \u2013 uhrzeit der Serveranfrage und die Dateianfrage des Client (Dateiname und URL). Diese Daten werden nur zum Zweck der statistischen Auswertung gesammelt. Eine Weitergabe an Dritte, zu kommerziellen oder nichtkommerziellen Zwecken, findet nicht statt.<strong><br \/>\n<br class=\"auto-style1\" \/><\/strong><\/span> <span class=\"auto-style3\"><span class=\"auto-style4\"><strong>2. Nutzung pers\u00f6nlicher Daten<\/strong><\/span><\/span><span class=\"Tx_mi_sb\"><strong><br class=\"auto-style1\" \/><\/strong>Personenbezogene Daten werden nur erfasst, wenn Sie diese Angaben freiwillig, z.B. bei einer Spende, Registrierung oder Anfrage uns mitteilen. Sofern keine erforderlichen Gr\u00fcnde im Zusammenhang mit einer Gesch\u00e4ftsabwicklung bestehen, k\u00f6nnen Sie jederzeit die zuvor erteilte Genehmigung Ihrer pers\u00f6nlichen Datenspeicherung mit sofortiger Wirkung schriftlich (z.B. per E-Mail oder per Fax) widerrufen. Ihre Daten werden nicht an Dritte weitergeben, es sei denn, eine Weitergabe ist aufgrund gesetzlicher Vorschriften erforderlich.<br \/>\n<strong><br class=\"auto-style1\" \/><\/strong><\/span> <span class=\"auto-style3\"><span class=\"auto-style4\"><strong>3. Auskunft, \u00c4nderung und L\u00f6schung Ihrer Daten<\/strong><\/span><\/span><span class=\"Tx_mi_sb\"><strong><br class=\"auto-style1\" \/><\/strong>Gem\u00e4\u00df geltendem Recht k\u00f6nnen Sie jederzeit bei uns schriftlich nachfragen, ob und welche personenbezogenen Daten bei uns \u00fcber Sie gespeichert sind. Eine entsprechende Mitteilung hierzu erhalten Sie umgehend.<br \/>\nBitte wenden Sie sich an uns.<br \/>\n<strong><br class=\"auto-style1\" \/><\/strong><\/span> <span class=\"auto-style3\"><span class=\"auto-style4\"><strong>4. Sicherheit Ihrer Daten<\/strong><\/span><\/span><span class=\"Tx_mi_sb\"><strong><br class=\"auto-style1\" \/><\/strong>Wir halten uns an die Grunds\u00e4tze der Datenvermeidung und Datensparsamkeit. Wir speichern Ihre personenbezogenen Daten daher nur solange, wie dies zur Erreichung der hier genannten Zwecke erforderlich ist oder wie es die vom Gesetzgeber vorgesehenen Speicherfristen vorsehen. Ihre uns zur Verf\u00fcgung gestellten pers\u00f6nlichen Daten werden durch Ergreifung aller technischen sowie organisatorischen Sicherheitsma\u00dfnahmen so gesichert, dass sie f\u00fcr den Zugriff unberechtigter Dritter unzug\u00e4nglich sind.<br \/>\n<strong><br class=\"auto-style1\" \/><\/strong><\/span><strong><span class=\"auto-style3\"><span class=\"auto-style4\">5. Cookies<\/span><\/span><span class=\"Tx_mi_sb\"><br \/>\n<\/span><\/strong> <span class=\"Tx_mi_sb\"> Die auf unserer Seite verwendeten Cookies sind sogenannte \u201eSession-Cookies\u201c, es sind kleine Textdateien. Die meisten Rechner sind so eingestellt, dass sie Cookies automatisch zulassen. Sie k\u00f6nnen in der Browsereinstellung das Speichern deaktivieren, oder so einstellen, dass nach Ende Ihres Besuchs, die Cookies automatisch gel\u00f6scht werden.<br \/>\n<strong><br \/>\n<\/strong><\/span> <span class=\"auto-style3\"><span class=\"auto-style4\"><strong>6. \u00c4nderungen dieser Datenschutzbestimmungen<\/strong><\/span><\/span><span class=\"Tx_mi_sb\"><br \/>\nWir werden diese Richtlinien zum Schutz Ihrer pers\u00f6nlichen Daten von Zeit zu Zeit aktualisieren. Sie sollten sich diese Richtlinien gelegentlich ansehen, um auf dem Laufenden dar\u00fcber zu bleiben, wie wir Ihre Daten sch\u00fctzen und die Inhalte unserer Website stetig verbessern. Sollten wir wesentliche \u00c4nderungen bei der Sammlung, der Nutzung und\/oder der Weitergabe der uns von Ihnen zur Verf\u00fcgung gestellten personenbezogenen Daten vornehmen, werden wir Sie durch einen eindeutigen und gut sichtbaren Hinweis auf der Website darauf aufmerksam machen. Mit der Nutzung der Webseite erkl\u00e4ren Sie sich mit den Bedingungen dieser Richtlinien zum Schutz pers\u00f6nlicher Daten einverstanden.<\/span><\/p>\n<\/div>\n<\/article>\n<\/div>\n","protected":false},"excerpt":{"rendered":"<p>cafe-cortado(at)systemli.org \u201eKontakt\/Impressum Contact + Spendenkonto : Fl\u00fcchtlingshilfe Mittelamerika e.V. Bank f\u00fcr Sozialwirtschaft Essen IBAN: DE59 3702 0500 0008 2043 00 BIC: BFSW DE33 XXX Fl\u00fcchtlingshilfe Mittelamerika e. V. Reeser Stra\u00dfe 27 47574 Goch www.fluehi-ma.org Haftungsauschluss: Haftung f\u00fcr Inhalte\u2028\u2028Die Inhalte unserer Seiten wurden mit gr\u00f6\u00dfter Sorgfalt erstellt. F\u00fcr die Richtigkeit, Vollst\u00e4ndigkeit und Aktualit\u00e4t der Inhlate k\u00f6nnen &hellip; <\/p>\n<p class=\"link-more\"><a href=\"https:\/\/cafe-cortado.tem.li\/index.php\/contact\/\" class=\"more-link\"><span class=\"screen-reader-text\">\u201eContact+Impressum\u201c <\/span>weiterlesen<\/a><\/p>\n","protected":false},"author":1,"featured_media":0,"parent":0,"menu_order":0,"comment_status":"closed","ping_status":"closed","template":"","meta":{"footnotes":""},"class_list":["post-33","page","type-page","status-publish","hentry"],"_links":{"self":[{"href":"https:\/\/cafe-cortado.tem.li\/index.php\/wp-json\/wp\/v2\/pages\/33","targetHints":{"allow":["GET"]}}],"collection":[{"href":"https:\/\/cafe-cortado.tem.li\/index.php\/wp-json\/wp\/v2\/pages"}],"about":[{"href":"https:\/\/cafe-cortado.tem.li\/index.php\/wp-json\/wp\/v2\/types\/page"}],"author":[{"embeddable":true,"href":"https:\/\/cafe-cortado.tem.li\/index.php\/wp-json\/wp\/v2\/users\/1"}],"replies":[{"embeddable":true,"href":"https:\/\/cafe-cortado.tem.li\/index.php\/wp-json\/wp\/v2\/comments?post=33"}],"version-history":[{"count":35,"href":"https:\/\/cafe-cortado.tem.li\/index.php\/wp-json\/wp\/v2\/pages\/33\/revisions"}],"predecessor-version":[{"id":1172,"href":"https:\/\/cafe-cortado.tem.li\/index.php\/wp-json\/wp\/v2\/pages\/33\/revisions\/1172"}],"wp:attachment":[{"href":"https:\/\/cafe-cortado.tem.li\/index.php\/wp-json\/wp\/v2\/media?parent=33"}],"curies":[{"name":"wp","href":"https:\/\/api.w.org\/{rel}","templated":true}]}}